{"id":22,"date":"2024-01-23T19:55:47","date_gmt":"2024-01-23T18:55:47","guid":{"rendered":"https:\/\/www.ev-foerderverein-petterweil.de\/?page_id=22"},"modified":"2026-02-22T17:03:18","modified_gmt":"2026-02-22T16:03:18","slug":"datenschutz","status":"publish","type":"page","link":"https:\/\/www.ev-foerderverein-petterweil.de\/?page_id=22","title":{"rendered":"Datenschutz"},"content":{"rendered":"\n<h2 class=\"wp-block-heading\">Wer wir sind<\/h2>\n\n\n\n<p>Wir sind der F\u00f6rderverein der evangelischen Kirche in Petterweil.<br>Die evangelische Gemeinde in Petterweil ist Teil der Evangelischen Kirchengemeinde Karben.<br>Die Arbeit des F\u00f6rdervereins bezieht sich nur auf Petterweil.<br><br>Die Adresse unserer Website ist: https:\/\/www.ev-foerderverein-petterweil.de.<\/p>\n\n\n\n<h2 class=\"wp-block-heading\">Kommentare<\/h2>\n\n\n\n<p>Wir sammeln keinerlei Daten von Besuchern unserer Website. Kommentare zu Beitr\u00e4gen sind nicht m\u00f6glich.<\/p>\n\n\n\n<p><\/p>\n\n\n\n<h2 class=\"wp-block-heading\">Medien<\/h2>\n\n\n\n<p>Fotos oder andere Medien k\u00f6nnen nicht hochgeladen werden. <\/p>\n\n\n\n<h2 class=\"wp-block-heading\">Cookies<\/h2>\n\n\n\n<p>Unsere Website vergibt keine Cookies.<\/p>\n\n\n\n<p>Beitr\u00e4ge auf dieser Website k\u00f6nnen eingebettete Inhalte beinhalten (z.&nbsp;B. Videos, Bilder, Beitr\u00e4ge etc.). Eingebettete Inhalte von anderen Websites verhalten sich exakt so, als ob der Besucher die andere Website besucht h\u00e4tte.<\/p>\n\n\n\n<p>Diese Websites k\u00f6nnen Daten \u00fcber dich sammeln, Cookies benutzen, zus\u00e4tzliche Tracking-Dienste von Dritten einbetten und deine Interaktion mit diesem eingebetteten Inhalt aufzeichnen, inklusive deiner Interaktion mit dem eingebetteten Inhalt, falls du ein Konto hast und auf dieser Website angemeldet bist.<\/p>\n\n\n\n<h2 class=\"wp-block-heading\">Welche Rechte du an deinen Daten hast<\/h2>\n\n\n\n<p>Diese Website speichert keine Daten.<\/p>\n\n\n\n<p><\/p>\n","protected":false},"excerpt":{"rendered":"<p>Wer wir sind Wir sind der F\u00f6rderverein der evangelischen Kirche in Petterweil.Die evangelische Gemeinde in Petterweil ist Teil der Evangelischen Kirchengemeinde Karben.Die Arbeit des F\u00f6rdervereins bezieht sich nur auf Petterweil. Die Adresse unserer Website ist: https:\/\/www.ev-foerderverein-petterweil.de. Kommentare Wir sammeln keinerlei Daten von Besuchern unserer Website. Kommentare zu Beitr\u00e4gen sind nicht m\u00f6glich. Medien Fotos oder andere\u2026 <span class=\"read-more\"><a href=\"https:\/\/www.ev-foerderverein-petterweil.de\/?page_id=22\">Weiterlesen &raquo;<\/a><\/span><\/p>\n","protected":false},"author":1,"featured_media":0,"parent":0,"menu_order":0,"comment_status":"closed","ping_status":"closed","template":"","meta":{"footnotes":""},"class_list":["post-22","page","type-page","status-publish","hentry"],"_links":{"self":[{"href":"https:\/\/www.ev-foerderverein-petterweil.de\/index.php?rest_route=\/wp\/v2\/pages\/22","targetHints":{"allow":["GET"]}}],"collection":[{"href":"https:\/\/www.ev-foerderverein-petterweil.de\/index.php?rest_route=\/wp\/v2\/pages"}],"about":[{"href":"https:\/\/www.ev-foerderverein-petterweil.de\/index.php?rest_route=\/wp\/v2\/types\/page"}],"author":[{"embeddable":true,"href":"https:\/\/www.ev-foerderverein-petterweil.de\/index.php?rest_route=\/wp\/v2\/users\/1"}],"replies":[{"embeddable":true,"href":"https:\/\/www.ev-foerderverein-petterweil.de\/index.php?rest_route=%2Fwp%2Fv2%2Fcomments&post=22"}],"version-history":[{"count":4,"href":"https:\/\/www.ev-foerderverein-petterweil.de\/index.php?rest_route=\/wp\/v2\/pages\/22\/revisions"}],"predecessor-version":[{"id":111,"href":"https:\/\/www.ev-foerderverein-petterweil.de\/index.php?rest_route=\/wp\/v2\/pages\/22\/revisions\/111"}],"wp:attachment":[{"href":"https:\/\/www.ev-foerderverein-petterweil.de\/index.php?rest_route=%2Fwp%2Fv2%2Fmedia&parent=22"}],"curies":[{"name":"wp","href":"https:\/\/api.w.org\/{rel}","templated":true}]}}